{"id":3,"date":"2024-06-13T11:37:00","date_gmt":"2024-06-13T11:37:00","guid":{"rendered":"http:\/\/www.piharuusu.fi\/?page_id=3"},"modified":"2026-03-09T18:17:38","modified_gmt":"2026-03-09T18:17:38","slug":"privacy-policy","status":"publish","type":"page","link":"http:\/\/www.piharuusu.fi\/index.php\/privacy-policy\/","title":{"rendered":"Tietosuojaseloste"},"content":{"rendered":"\t\t<div data-elementor-type=\"wp-page\" data-elementor-id=\"3\" class=\"elementor elementor-3\">\n\t\t\t\t<div class=\"elementor-element elementor-element-cb9d2a e-flex e-con-boxed e-con e-parent\" data-id=\"cb9d2a\" data-element_type=\"container\" data-e-type=\"container\">\n\t\t\t\t\t<div class=\"e-con-inner\">\n\t\t\t\t<div class=\"elementor-element elementor-element-35d98b03 elementor-widget elementor-widget-text-editor\" data-id=\"35d98b03\" data-element_type=\"widget\" data-e-type=\"widget\" data-widget_type=\"text-editor.default\">\n\t\t\t\t<div class=\"elementor-widget-container\">\n\t\t\t\t\t\t\t\t\t<h3 class=\"entry-title\" style=\"font-style: normal; display: var(--page-title-display);\">Asiakas- ja markkinointirekisteri<\/h3>\n<div><strong style=\"font-size: 16px; color: var( --e-global-color-text ); text-align: var(--text-align);\">\u00a0<\/strong><\/div>\n<div><strong>1. Rekisterinpit\u00e4j\u00e4<\/strong><\/div>\n<div>PihaRuusu, Y-tunnus 3446151-8, Osoite: K\u00f6ykk\u00e4\u00e4ntie 20, 79600 Joroinen<\/div>\n<div>\u00a0<\/div>\n<div><strong>2. Rekisterist\u00e4 vastaava yhteyshenkil\u00f6<\/strong> Heidi Immonen, heidi@piharuusu.fi, puh. +358 40 8713322<\/div>\n<p><!-- \/wp:paragraph --><\/p>\n<p><!-- wp:paragraph --><\/p>\n<p><!-- \/wp:paragraph --><\/p>\n<p><!-- wp:paragraph --><\/p>\n<p><strong>3.<\/strong>\u00a0<strong>Rekisterin nimi<\/strong>\u00a0Asiakas- ja markkinointirekisteri<\/p>\n<p><!-- \/wp:paragraph --><\/p>\n<p><!-- wp:paragraph --><\/p>\n<p><strong>4.\u00a0Oikeusperuste ja henkil\u00f6tietojen k\u00e4sittelyn tarkoitus<\/strong>\u00a0EU:n yleisen tietosuoja-asetuksen mukainen oikeusperuste henkil\u00f6tietojen k\u00e4sittelylle on yhteydenpito asiakkaisiin ja\u00a0 asiakassuhteiden yll\u00e4pito, mukaan lukien laskutus ja perint\u00e4, markkinointi ja palveluiden kehitt\u00e4minen. Tietoja ei k\u00e4ytet\u00e4 automatisoituun p\u00e4\u00e4t\u00f6ksentekoon tai profilointiin.<\/p>\n<p><!-- \/wp:paragraph --><\/p>\n<p><!-- wp:paragraph --><\/p>\n<p><strong>5.\u00a0Rekisterin tietosis\u00e4lt\u00f6<\/strong>\u00a0Tiedot, joita asiakkaiden kohdalla voidaan k\u00e4sitell\u00e4: nimi, osoite, puhelinnumero, s\u00e4hk\u00f6postiosoite, yrityksen nimi, y-tunnus, laskutusosoite, maksuehto, yhteyshenkil\u00f6n nimi, puhelinnumero ja s\u00e4hk\u00f6posti. Muut asiakastiedot: alennukset, reklamaatiot, takuuasiat ja muut kaupalliset tiedot.<\/p>\n<p><!-- \/wp:paragraph --><\/p>\n<p><!-- wp:paragraph --><\/p>\n<p>T\u00e4ll\u00e4 sivustolla k\u00e4ytet\u00e4\u00e4n Google Analytics -palvelua, joka ker\u00e4\u00e4 k\u00e4ytt\u00e4jist\u00e4 anonyymi\u00e4 tietoa ev\u00e4steiden avulla. K\u00e4ytt\u00e4m\u00e4ll\u00e4 n\u00e4it\u00e4 verkkosivuja ja hyv\u00e4ksym\u00e4ll\u00e4 ev\u00e4steet, k\u00e4ytt\u00e4j\u00e4 hyv\u00e4ksyy Googlen tiedonkeruun yll\u00e4 mainittuihin k\u00e4ytt\u00f6tarkoituksiin.<\/p>\n<p><!-- \/wp:paragraph --><\/p>\n<p><!-- wp:paragraph --><\/p>\n<p>Yhteydenottolomakkeilla saatavia tietoja k\u00e4ytet\u00e4\u00e4n tietojen antajan suoraan kontaktointiin yrityksen toimesta s\u00e4hk\u00f6postitse tai puhelimitse. Tietojen antajalle voidaan l\u00e4hett\u00e4\u00e4 my\u00f6s ajankohtaisia tiedotteita s\u00e4hk\u00f6postitse. Tietojen antaja voi muuttaa viestint\u00e4asetuksia milloin tahansa.<\/p>\n<p><!-- \/wp:paragraph --><\/p>\n<p><!-- wp:paragraph --><\/p>\n<p><strong>6.\u00a0S\u00e4\u00e4nn\u00f6nmukaiset tietol\u00e4hteet<\/strong>\u00a0Rekisteriin tallennettavat tiedot saadaan asiakkaalta mm. www-lomakkeilla l\u00e4hetetyist\u00e4 viesteist\u00e4, s\u00e4hk\u00f6postitse, puhelimitse, sosiaalisen median palvelujen kautta, sopimuksista, asiakastapaamisista ja muista tilanteista, joissa asiakas luovuttaa tietojaan.<\/p>\n<p><!-- \/wp:paragraph --><\/p>\n<p><!-- wp:paragraph --><\/p>\n<p><strong>7.\u00a0Tietojen s\u00e4\u00e4nn\u00f6nmukaiset luovutukset ja tietojen siirto EU:n tai ETA:n ulkopuolelle<\/strong>\u00a0Tietoja ei luovuteta EU:n tai ETA-alueen ulkopuolelle. P\u00e4\u00e4s\u00e4\u00e4nt\u00f6isesti rekister\u00f6ityjen henkil\u00f6tietoja ei luovuteta ulkopuoliselle. Mik\u00e4li henkil\u00f6tietoja luovutetaan, henkil\u00f6tietojen k\u00e4ytt\u00e4j\u00e4 sitoutuu k\u00e4ytt\u00e4m\u00e4\u00e4n siirrettyj\u00e4 tai luovutettuja henkil\u00f6tietoja rekisterinpit\u00e4j\u00e4n puolesta ja lukuun, esimerkiksi perint\u00e4toimiston hoitaessa sopimuksenmukaisia teht\u00e4vi\u00e4\u00e4n. Tietoja voidaan luovuttaa my\u00f6s viranomaisille, mik\u00e4li siihen on lakis\u00e4\u00e4teinen peruste.<\/p>\n<p><!-- \/wp:paragraph --><\/p>\n<p><!-- wp:paragraph --><\/p>\n<p><strong>8.\u00a0Rekisterin suojauksen periaatteet<\/strong>\u00a0Rekisterin k\u00e4sittelyss\u00e4 noudatetaan huolellisuutta ja tietoj\u00e4rjestelmien avulla k\u00e4sitelt\u00e4v\u00e4t tiedot suojataan asianmukaisesti. Kun rekisteritietoja s\u00e4ilytet\u00e4\u00e4n Internet-palvelimilla, niiden laitteiston fyysisest\u00e4 ja digitaalisesta tietoturvasta huolehditaan asiaankuuluvasti. Rekisterinpit\u00e4j\u00e4 huolehtii siit\u00e4, ett\u00e4 tallennettuja tietoja sek\u00e4 palvelimien k\u00e4ytt\u00f6oikeuksia ja muita henkil\u00f6tietojen turvallisuuden kannalta kriittisi\u00e4 tietoja k\u00e4sitell\u00e4\u00e4n luottamuksellisesti ja vain niiden ty\u00f6ntekij\u00f6iden toimesta, joiden ty\u00f6nkuvaan se kuuluu.<\/p>\n<p><!-- \/wp:paragraph --><\/p>\n<p><!-- wp:paragraph --><\/p>\n<p>Jos rekisteriin saadaan manuaalista aineistoa tai sit\u00e4 tulostetaan, huolehtii rekisterin pit\u00e4j\u00e4 sen s\u00e4ilytykseen lukitussa tilassa varmistaen, ettei henkil\u00f6tietoja k\u00e4ytet\u00e4 muihin tarkoituksiin kuin t\u00e4ss\u00e4 selosteessa on mainittu.<\/p>\n<p><!-- \/wp:paragraph --><\/p>\n<p><!-- wp:paragraph --><\/p>\n<p><strong>9. Rekister\u00f6idyn oikeudet<\/strong>\u00a0Jokaisella rekisteriss\u00e4 olevalla henkil\u00f6ll\u00e4 on oikeus tarkistaa rekisteriin tallennetut tietonsa ja vaatia mahdollisen virheellisen tiedon korjaamista tai puutteellisen tiedon t\u00e4ydent\u00e4mist\u00e4. Mik\u00e4li henkil\u00f6 haluaa tarkistaa h\u00e4nest\u00e4 tallennetut tiedot tai vaatia niihin oikaisua, pyynt\u00f6 tulee l\u00e4hett\u00e4\u00e4 kirjallisesti rekisterinpit\u00e4j\u00e4lle. Rekisterinpit\u00e4j\u00e4 voi pyyt\u00e4\u00e4 tarvittaessa pyynn\u00f6n esitt\u00e4j\u00e4\u00e4 todistamaan henkil\u00f6llisyytens\u00e4. Rekisterinpit\u00e4j\u00e4 vastaa asiakkaalle EU:n tietosuoja-asetuksessa s\u00e4\u00e4detyss\u00e4 ajassa (p\u00e4\u00e4s\u00e4\u00e4nt\u00f6isesti kuukauden kuluessa).<\/p>\n<p><!-- \/wp:paragraph --><\/p>\n<p><!-- wp:paragraph --><\/p>\n<p><strong>10.\u00a0Muut henkil\u00f6tietojen k\u00e4sittelyyn liittyv\u00e4t oikeudet<\/strong>\u00a0Rekisteriss\u00e4 olevalla henkil\u00f6ll\u00e4 on oikeus pyyt\u00e4\u00e4 h\u00e4nt\u00e4 koskevien henkil\u00f6tietojen poistamiseen rekisterist\u00e4 (\u201doikeus tulla unohdetuksi\u201d). Niin ik\u00e4\u00e4n rekister\u00f6idyill\u00e4 on muut EU:n yleisen tietosuoja-asetuksen mukaiset oikeudet kuten henkil\u00f6tietojen k\u00e4sittelyn rajoittaminen tietyiss\u00e4 tilanteissa. Pyynn\u00f6t tulee l\u00e4hett\u00e4\u00e4 kirjallisesti rekisterinpit\u00e4j\u00e4lle. Rekisterinpit\u00e4j\u00e4 voi pyyt\u00e4\u00e4 tarvittaessa pyynn\u00f6n esitt\u00e4j\u00e4\u00e4 todistamaan henkil\u00f6llisyytens\u00e4. Rekisterinpit\u00e4j\u00e4 vastaa asiakkaalle EU:n tietosuoja-asetuksessa s\u00e4\u00e4detyss\u00e4 ajassa (p\u00e4\u00e4s\u00e4\u00e4nt\u00f6isesti kuukauden kuluessa).<\/p>\n<p><!-- \/wp:paragraph --><\/p>\n<p><!-- wp:paragraph --><\/p>\n<p><strong>11. Tietojen s\u00e4ilytysaika<\/strong>\u00a0Rekisteriin kirjattavat henkil\u00f6tiedot katselmoidaan s\u00e4\u00e4nn\u00f6llisesti ja tiedot poistetaan, ellei niiden s\u00e4ilytt\u00e4miselle ole laillista k\u00e4sittelyperustetta.<\/p>\n<p><!-- \/wp:paragraph --><\/p>\t\t\t\t\t\t\t\t<\/div>\n\t\t\t\t<\/div>\n\t\t\t\t\t<\/div>\n\t\t\t\t<\/div>\n\t\t<div class=\"elementor-element elementor-element-3c83527 e-flex e-con-boxed e-con e-parent\" data-id=\"3c83527\" data-element_type=\"container\" data-e-type=\"container\">\n\t\t\t\t\t<div class=\"e-con-inner\">\n\t\t\t\t\t<\/div>\n\t\t\t\t<\/div>\n\t\t<div class=\"elementor-element elementor-element-878459b e-flex e-con-boxed e-con e-parent\" data-id=\"878459b\" data-element_type=\"container\" data-e-type=\"container\">\n\t\t\t\t\t<div class=\"e-con-inner\">\n\t\t\t\t\t<\/div>\n\t\t\t\t<\/div>\n\t\t\t\t<\/div>\n\t\t","protected":false},"excerpt":{"rendered":"<p>Asiakas- ja markkinointirekisteri \u00a0 1. Rekisterinpit\u00e4j\u00e4 PihaRuusu, Y-tunnus 3446151-8, Osoite: K\u00f6ykk\u00e4\u00e4ntie 20, 79600 Joroinen \u00a0 2. Rekisterist\u00e4 vastaava yhteyshenkil\u00f6 Heidi Immonen, heidi@piharuusu.fi, puh. +358 40 8713322 3.\u00a0Rekisterin nimi\u00a0Asiakas- ja markkinointirekisteri 4.\u00a0Oikeusperuste ja henkil\u00f6tietojen k\u00e4sittelyn tarkoitus\u00a0EU:n yleisen tietosuoja-asetuksen mukainen oikeusperuste henkil\u00f6tietojen k\u00e4sittelylle on yhteydenpito asiakkaisiin ja\u00a0 asiakassuhteiden yll\u00e4pito, mukaan lukien laskutus ja perint\u00e4, markkinointi ja palveluiden [&hellip;]<\/p>\n","protected":false},"author":1,"featured_media":0,"parent":0,"menu_order":0,"comment_status":"closed","ping_status":"open","template":"","meta":{"footnotes":""},"class_list":["post-3","page","type-page","status-publish","hentry"],"_links":{"self":[{"href":"http:\/\/www.piharuusu.fi\/index.php\/wp-json\/wp\/v2\/pages\/3","targetHints":{"allow":["GET"]}}],"collection":[{"href":"http:\/\/www.piharuusu.fi\/index.php\/wp-json\/wp\/v2\/pages"}],"about":[{"href":"http:\/\/www.piharuusu.fi\/index.php\/wp-json\/wp\/v2\/types\/page"}],"author":[{"embeddable":true,"href":"http:\/\/www.piharuusu.fi\/index.php\/wp-json\/wp\/v2\/users\/1"}],"replies":[{"embeddable":true,"href":"http:\/\/www.piharuusu.fi\/index.php\/wp-json\/wp\/v2\/comments?post=3"}],"version-history":[{"count":57,"href":"http:\/\/www.piharuusu.fi\/index.php\/wp-json\/wp\/v2\/pages\/3\/revisions"}],"predecessor-version":[{"id":404,"href":"http:\/\/www.piharuusu.fi\/index.php\/wp-json\/wp\/v2\/pages\/3\/revisions\/404"}],"wp:attachment":[{"href":"http:\/\/www.piharuusu.fi\/index.php\/wp-json\/wp\/v2\/media?parent=3"}],"curies":[{"name":"wp","href":"https:\/\/api.w.org\/{rel}","templated":true}]}}