{"id":197,"date":"2024-07-04T20:20:55","date_gmt":"2024-07-04T20:20:55","guid":{"rendered":"https:\/\/www.piharuusu.fi\/?page_id=197"},"modified":"2025-08-20T08:06:36","modified_gmt":"2025-08-20T08:06:36","slug":"hinnasto","status":"publish","type":"page","link":"http:\/\/www.piharuusu.fi\/index.php\/hinnasto\/","title":{"rendered":"Hinnasto"},"content":{"rendered":"\t\t<div data-elementor-type=\"wp-page\" data-elementor-id=\"197\" class=\"elementor elementor-197\">\n\t\t\t\t<div class=\"elementor-element elementor-element-abc9c85 e-flex e-con-boxed e-con e-parent\" data-id=\"abc9c85\" data-element_type=\"container\" data-e-type=\"container\">\n\t\t\t\t\t<div class=\"e-con-inner\">\n\t\t\t\t<div class=\"elementor-element elementor-element-1793c05 elementor-widget elementor-widget-text-editor\" data-id=\"1793c05\" data-element_type=\"widget\" data-e-type=\"widget\" data-widget_type=\"text-editor.default\">\n\t\t\t\t<div class=\"elementor-widget-container\">\n\t\t\t\t\t\t\t\t\t<div class=\"CjVfdc\"><strong><span class=\"C9DxTc \">Pihan hoitoty\u00f6t 40 euroa \/ tunti&nbsp;<\/span><\/strong><\/div>\n<div>&nbsp;<\/div>\n<ul>\n<li><span class=\"C9DxTc \">istutusty\u00f6t ja istutusten hoito<\/span><\/li>\n<li dir=\"ltr\" role=\"presentation\"><span class=\"C9DxTc \">nurmikon hoito&nbsp;<\/span><\/li>\n<li dir=\"ltr\" role=\"presentation\"><span class=\"C9DxTc \">pensaiden leikkaukset<\/span><\/li>\n<li class=\"zfr3Q CDt4Ke \" dir=\"ltr\" role=\"presentation\"><span class=\"C9DxTc \">omenapuiden ja muiden hedelm\u00e4- tai koristepuiden leikkaukset&nbsp;<\/span><\/li>\n<li class=\"zfr3Q CDt4Ke \" dir=\"ltr\" role=\"presentation\"><span class=\"C9DxTc \">lannoitukset ja kalkitukset<\/span><\/li>\n<li class=\"zfr3Q CDt4Ke \" dir=\"ltr\" role=\"presentation\"><span class=\"C9DxTc \">syys- ja kev\u00e4tkunnostukset<\/span><\/li>\n<\/ul>\n<p class=\"zfr3Q CDt4Ke \" dir=\"ltr\"><span class=\"C9DxTc \">+&nbsp;<\/span><span class=\"C9DxTc \">Materiaalit&nbsp;<\/span><span class=\"C9DxTc \">veloitetaan kulutuksen mukaan&nbsp;<\/span><\/p>\n<p class=\"zfr3Q CDt4Ke \" dir=\"ltr\"><span class=\"C9DxTc \">+&nbsp;<\/span><span class=\"C9DxTc \">Kilometrikorvaus 0,59<\/span><span class=\"C9DxTc \">&nbsp;euroa\/ kilometri, kun yhdensuuntainen matka ylitt\u00e4\u00e4 10 km.<\/span><\/p>\n<p><br><\/p>\n<p>Muista hy\u00f6dynt\u00e4\u00e4 kotitalousv\u00e4hennys, lue lis\u00e4\u00e4 <a href=\"https:\/\/www.piharuusu.fi\/index.php\/kotitalousvahennys\/\">t\u00e4st\u00e4<\/a>&nbsp;<\/p>\n<p>Kysy lis\u00e4\u00e4 <a href=\"https:\/\/www.piharuusu.fi\/index.php\/yhteystiedot\/\">Heidilt\u00e4<\/a><\/p>\n<ul>\n<li>p. 040 8713322<\/li>\n<li>heidi@piharuusu.fi<\/li>\n<\/ul>\n<p dir=\"ltr\">\n<\/p>\t\t\t\t\t\t\t\t<\/div>\n\t\t\t\t<\/div>\n\t\t\t\t\t<\/div>\n\t\t\t\t<\/div>\n\t\t\t\t<\/div>\n\t\t","protected":false},"excerpt":{"rendered":"<p>Pihan hoitoty\u00f6t 40 euroa \/ tunti&nbsp; &nbsp; istutusty\u00f6t ja istutusten hoito nurmikon hoito&nbsp; pensaiden leikkaukset omenapuiden ja muiden hedelm\u00e4- tai koristepuiden leikkaukset&nbsp; lannoitukset ja kalkitukset syys- ja kev\u00e4tkunnostukset +&nbsp;Materiaalit&nbsp;veloitetaan kulutuksen mukaan&nbsp; +&nbsp;Kilometrikorvaus 0,59&nbsp;euroa\/ kilometri, kun yhdensuuntainen matka ylitt\u00e4\u00e4 10 km. Muista hy\u00f6dynt\u00e4\u00e4 kotitalousv\u00e4hennys, lue lis\u00e4\u00e4 t\u00e4st\u00e4&nbsp; Kysy lis\u00e4\u00e4 Heidilt\u00e4 p. 040 8713322 heidi@piharuusu.fi<\/p>\n","protected":false},"author":1,"featured_media":0,"parent":0,"menu_order":0,"comment_status":"closed","ping_status":"closed","template":"","meta":{"footnotes":""},"class_list":["post-197","page","type-page","status-publish","hentry"],"_links":{"self":[{"href":"http:\/\/www.piharuusu.fi\/index.php\/wp-json\/wp\/v2\/pages\/197","targetHints":{"allow":["GET"]}}],"collection":[{"href":"http:\/\/www.piharuusu.fi\/index.php\/wp-json\/wp\/v2\/pages"}],"about":[{"href":"http:\/\/www.piharuusu.fi\/index.php\/wp-json\/wp\/v2\/types\/page"}],"author":[{"embeddable":true,"href":"http:\/\/www.piharuusu.fi\/index.php\/wp-json\/wp\/v2\/users\/1"}],"replies":[{"embeddable":true,"href":"http:\/\/www.piharuusu.fi\/index.php\/wp-json\/wp\/v2\/comments?post=197"}],"version-history":[{"count":73,"href":"http:\/\/www.piharuusu.fi\/index.php\/wp-json\/wp\/v2\/pages\/197\/revisions"}],"predecessor-version":[{"id":346,"href":"http:\/\/www.piharuusu.fi\/index.php\/wp-json\/wp\/v2\/pages\/197\/revisions\/346"}],"wp:attachment":[{"href":"http:\/\/www.piharuusu.fi\/index.php\/wp-json\/wp\/v2\/media?parent=197"}],"curies":[{"name":"wp","href":"https:\/\/api.w.org\/{rel}","templated":true}]}}