{"id":15,"date":"2024-01-03T00:00:49","date_gmt":"2024-01-03T00:00:49","guid":{"rendered":"http:\/\/www.piharuusu.fi\/?page_id=15"},"modified":"2024-10-03T15:43:59","modified_gmt":"2024-10-03T15:43:59","slug":"piharuusu","status":"publish","type":"page","link":"http:\/\/www.piharuusu.fi\/","title":{"rendered":"Etusivu"},"content":{"rendered":"\t\t<div data-elementor-type=\"wp-page\" data-elementor-id=\"15\" class=\"elementor elementor-15\">\n\t\t\t\t<div class=\"elementor-element elementor-element-6737ada5 e-flex e-con-boxed e-con e-parent\" data-id=\"6737ada5\" data-element_type=\"container\" data-e-type=\"container\">\n\t\t\t\t\t<div class=\"e-con-inner\">\n\t\t\t\t<div class=\"elementor-element elementor-element-14b60fe elementor-widget elementor-widget-text-editor\" data-id=\"14b60fe\" data-element_type=\"widget\" data-e-type=\"widget\" data-widget_type=\"text-editor.default\">\n\t\t\t\t<div class=\"elementor-widget-container\">\n\t\t\t\t\t\t\t\t\t<p><\/p>\n<p>Tarjoan viheralueiden yll\u00e4pitoa, pihaneuvontaa sek\u00e4 viherrakentamisen palveluita Joroisissa ja sen l\u00e4hialueilla.<br \/><br \/><\/p>\n<p>Olen valmistunut puutarhuriksi vuonna 2022.<\/p>\n<figure class=\"wp-block-gallery has-nested-images columns-default is-cropped\">\n<h3><br \/><br \/><img fetchpriority=\"high\" decoding=\"async\" width=\"1024\" height=\"683\" class=\"wp-image-22\" src=\"http:\/\/www.piharuusu.fi\/wp-content\/uploads\/2024\/06\/f107944528-1024x683.jpg\" alt=\"\" srcset=\"http:\/\/www.piharuusu.fi\/wp-content\/uploads\/2024\/06\/f107944528-1024x683.jpg 1024w, http:\/\/www.piharuusu.fi\/wp-content\/uploads\/2024\/06\/f107944528-300x200.jpg 300w, http:\/\/www.piharuusu.fi\/wp-content\/uploads\/2024\/06\/f107944528-768x512.jpg 768w, http:\/\/www.piharuusu.fi\/wp-content\/uploads\/2024\/06\/f107944528-1536x1024.jpg 1536w, http:\/\/www.piharuusu.fi\/wp-content\/uploads\/2024\/06\/f107944528-2048x1365.jpg 2048w\" sizes=\"(max-width: 1024px) 100vw, 1024px\" \/><\/h3>\n<p><\/p>\n<\/figure>\n<p><!-- \/wp:gallery --><\/p>\t\t\t\t\t\t\t\t<\/div>\n\t\t\t\t<\/div>\n\t\t\t\t\t<\/div>\n\t\t\t\t<\/div>\n\t\t\t\t<\/div>\n\t\t","protected":false},"excerpt":{"rendered":"<p>Tarjoan viheralueiden yll\u00e4pitoa, pihaneuvontaa sek\u00e4 viherrakentamisen palveluita Joroisissa ja sen l\u00e4hialueilla. Olen valmistunut puutarhuriksi vuonna 2022. \u00a0<\/p>\n","protected":false},"author":1,"featured_media":0,"parent":0,"menu_order":0,"comment_status":"closed","ping_status":"closed","template":"elementor_theme","meta":{"footnotes":""},"class_list":["post-15","page","type-page","status-publish","hentry"],"_links":{"self":[{"href":"http:\/\/www.piharuusu.fi\/index.php\/wp-json\/wp\/v2\/pages\/15","targetHints":{"allow":["GET"]}}],"collection":[{"href":"http:\/\/www.piharuusu.fi\/index.php\/wp-json\/wp\/v2\/pages"}],"about":[{"href":"http:\/\/www.piharuusu.fi\/index.php\/wp-json\/wp\/v2\/types\/page"}],"author":[{"embeddable":true,"href":"http:\/\/www.piharuusu.fi\/index.php\/wp-json\/wp\/v2\/users\/1"}],"replies":[{"embeddable":true,"href":"http:\/\/www.piharuusu.fi\/index.php\/wp-json\/wp\/v2\/comments?post=15"}],"version-history":[{"count":33,"href":"http:\/\/www.piharuusu.fi\/index.php\/wp-json\/wp\/v2\/pages\/15\/revisions"}],"predecessor-version":[{"id":289,"href":"http:\/\/www.piharuusu.fi\/index.php\/wp-json\/wp\/v2\/pages\/15\/revisions\/289"}],"wp:attachment":[{"href":"http:\/\/www.piharuusu.fi\/index.php\/wp-json\/wp\/v2\/media?parent=15"}],"curies":[{"name":"wp","href":"https:\/\/api.w.org\/{rel}","templated":true}]}}